{"id":115,"date":"2017-07-18T15:03:50","date_gmt":"2017-07-18T13:03:50","guid":{"rendered":"http:\/\/mediteamhalle.de\/?page_id=115"},"modified":"2017-07-18T15:03:50","modified_gmt":"2017-07-18T13:03:50","slug":"stellenangebote","status":"publish","type":"page","link":"https:\/\/mediteamhalle.de\/?page_id=115","title":{"rendered":"Stellenangebote"},"content":{"rendered":"<div>Wir suchen ab sofort bzw. zum n\u00e4chstm\u00f6glichen Termin Pflegefachkr\u00e4fte f\u00fcr Schicht- und Wochenenddienste im Betreuten Wohnen in Halle.<\/div>\n<div><\/div>\n<div><\/div>\n<p><\/p>\n<div><strong>Vorraussetzungen:<\/strong><\/div>\n<div>&#8211; abgeschlossene Berufsausbildung als Ex. Pflegefachkraft<\/div>\n<div>&#8211; flexibel, zuverl\u00e4ssig, freundlich, teamf\u00e4hig<\/div>\n<div><\/div>\n<div><\/div>\n<p><\/p>\n<div><strong>Wir bieten:<\/strong><\/div>\n<div>\u00a0&#8211; Vollzeitstelle 40 Stunden<\/div>\n<div>&#8211; freundliches und nettes Team<\/div>\n<div>&#8211; Zuschl\u00e4ge f\u00fcr Sonn- und Feiertagsarbeit<\/div>\n<div><\/div>\n","protected":false},"excerpt":{"rendered":"<p>Wir suchen ab sofort bzw. zum n\u00e4chstm\u00f6glichen Termin Pflegefachkr\u00e4fte f\u00fcr Schicht- und Wochenenddienste im Betreuten Wohnen in Halle. Vorraussetzungen: &#8211; abgeschlossene Berufsausbildung als Ex. Pflegefachkraft &#8211; flexibel, zuverl\u00e4ssig, freundlich, teamf\u00e4hig Wir bieten: \u00a0&#8211; Vollzeitstelle 40 Stunden &#8211; freundliches und nettes<\/p>\n","protected":false},"author":1,"featured_media":0,"parent":0,"menu_order":0,"comment_status":"closed","ping_status":"closed","template":"","meta":{"footnotes":""},"class_list":["post-115","page","type-page","status-publish","hentry"],"_links":{"self":[{"href":"https:\/\/mediteamhalle.de\/index.php?rest_route=\/wp\/v2\/pages\/115","targetHints":{"allow":["GET"]}}],"collection":[{"href":"https:\/\/mediteamhalle.de\/index.php?rest_route=\/wp\/v2\/pages"}],"about":[{"href":"https:\/\/mediteamhalle.de\/index.php?rest_route=\/wp\/v2\/types\/page"}],"author":[{"embeddable":true,"href":"https:\/\/mediteamhalle.de\/index.php?rest_route=\/wp\/v2\/users\/1"}],"replies":[{"embeddable":true,"href":"https:\/\/mediteamhalle.de\/index.php?rest_route=%2Fwp%2Fv2%2Fcomments&post=115"}],"version-history":[{"count":4,"href":"https:\/\/mediteamhalle.de\/index.php?rest_route=\/wp\/v2\/pages\/115\/revisions"}],"predecessor-version":[{"id":119,"href":"https:\/\/mediteamhalle.de\/index.php?rest_route=\/wp\/v2\/pages\/115\/revisions\/119"}],"wp:attachment":[{"href":"https:\/\/mediteamhalle.de\/index.php?rest_route=%2Fwp%2Fv2%2Fmedia&parent=115"}],"curies":[{"name":"wp","href":"https:\/\/api.w.org\/{rel}","templated":true}]}}